{"id":138,"date":"2014-07-17T15:10:08","date_gmt":"2014-07-17T15:10:08","guid":{"rendered":"http:\/\/ndtesting.cl\/ensayos\/?page_id=138"},"modified":"2016-08-08T21:42:30","modified_gmt":"2016-08-08T21:42:30","slug":"home","status":"publish","type":"page","link":"https:\/\/www.ndtesting.cl\/ensayos\/","title":{"rendered":"StraBiz Home"},"content":{"rendered":"<div class=\"art-content-layout-wrapper layout-item-0\">\n<div class=\"art-content-layout layout-item-1\">\n<div class=\"art-content-layout-row\">\n<div class=\"art-layout-cell layout-item-2\" style=\"width: 35%;\">\n<h1>Nuestro Personal<\/h1>\n<p><img loading=\"lazy\" class=\"art-lightbox\" style=\"margin: 7px; border: 1px solid #c2dbf0;\" src=\"http:\/\/ndtesting.cl\/ensayos\/wp-content\/uploads\/2014\/07\/20914e79-5e26-4282-a725-da650f04c35d.png\" alt=\"\" width=\"300\" height=\"200\" \/><\/p>\n<p style=\"text-align: justify;\">NDTesting, cuenta con especialistas en Ensayos No Destructivos de reconocida experiencia y s\u00f3lida formaci\u00f3n profesional, con permanente especializaci\u00f3n en temas relacionados y son quienes nos dan la solidez necesaria para enfrentar d\u00eda a d\u00eda nuevos desaf\u00edos: Contamos con un Staff de Inspectores Nivel II y Operadores Nivel I, entrenados, calificados y certificados seg\u00fan las directrices de las normas nacionales e internacionales:<\/p>\n<p><a href=\"http:\/\/ndtesting.cl\/ensayos\/?page_id=140\">VER M\u00c1S<\/a><\/p>\n<\/div>\n<div class=\"art-layout-cell layout-item-2\" style=\"width: 30%;\">\n<h1>Servicios<\/h1>\n<ul>\n<li><a href=\"http:\/\/ndtesting.cl\/ensayos\/?page_id=143\">Radiograf\u00edas Convencional<\/a><\/li>\n<li><a href=\"http:\/\/ndtesting.cl\/ensayos\/?page_id=144\">Radiograf\u00edas Digital<\/a><\/li>\n<li><a href=\"http:\/\/ndtesting.cl\/ensayos\/?page_id=145\">Ultrasonido Convencional<\/a><\/li>\n<li><a href=\"http:\/\/ndtesting.cl\/ensayos\/?page_id=146\">Ultrasonido Phased Array<\/a><\/li>\n<li><a href=\"http:\/\/ndtesting.cl\/ensayos\/?page_id=147\">Corrientes De Eddy<\/a><\/li>\n<li><a href=\"http:\/\/ndtesting.cl\/ensayos\/?page_id=148\">L\u00edquidos Penetrantes<\/a><\/li>\n<li><a href=\"http:\/\/ndtesting.cl\/ensayos\/?page_id=149\">Part\u00edculas Magn\u00e9ticas<\/a><\/li>\n<li><a href=\"http:\/\/ndtesting.cl\/ensayos\/?page_id=150\">Emisi\u00f3n Ac\u00fastica<\/a><\/li>\n<li><a title=\"Ultrasonido con phased array y TOFD\" href=\"http:\/\/ndtesting.cl\/ensayos\/ultrasonido-con-phased-array-y-tofd\/\">Ultrasonido con phased array y TOFD<\/a><\/li>\n<li><a title=\"Fuga de flujo magnetico\" href=\"http:\/\/ndtesting.cl\/ensayos\/servicios\/magnetic-flux-leakage\/\"><span style=\"color: #0000ff;\">Fuga de flujo magnetico<\/span><\/a><\/li>\n<\/ul>\n<p><img loading=\"lazy\" class=\"art-lightbox\" src=\"http:\/\/ndtesting.cl\/ensayos\/wp-content\/uploads\/2014\/07\/ndtempresa2.jpg\" alt=\"\" width=\"238\" height=\"244\" \/><\/p>\n<\/div>\n<div class=\"art-layout-cell layout-item-2\" style=\"width: 35%;\">\n<h1>Nuestra Empresa<\/h1>\n<p><a title=\"Curriculum\" href=\"http:\/\/ndtesting.cl\/ensayos\/curriculum\/\"><img loading=\"lazy\" class=\"alignnone size-full wp-image-228\" src=\"http:\/\/ndtesting.cl\/ensayos\/wp-content\/uploads\/2014\/07\/phidalgo.jpg\" alt=\"phidalgo\" width=\"296\" height=\"197\" \/><\/a><\/p>\n<h6>\u00a0<a title=\"Curriculum\" href=\"http:\/\/ndtesting.cl\/ensayos\/curriculum\/\">Ver Curriculum<\/a><\/h6>\n<p style=\"text-align: justify;\"><span style=\"font-weight: bold; font-style: italic;\">NDT Ingenier\u00eda Limitada<\/span>, NDTesting, es una empresa chilena establecida en el a\u00f1o 2002, dedicada a la entrega de servicios de inspecci\u00f3n\u00a0<strong>Ensayos No Destructivos<\/strong> a empresas de diversos sectores industriales, como son la del Petr\u00f3leo, Aeron\u00e1utica, Gas, Miner\u00eda y Celulosa. NDTesting, centralizada en la comuna de El Bosque, posee una amplia oferta de servicios de Ensayos No Destructivos, con capacidad en los M\u00e9todos de:<\/p>\n<p><a href=\"http:\/\/ndtesting.cl\/ensayos\/?page_id=139\">VER M\u00c1S<\/a><\/p>\n<\/div>\n<\/div>\n<\/div>\n<\/div>\n<p><!--more--><\/p>\n","protected":false},"excerpt":{"rendered":"<p>Nuestro Personal NDTesting, cuenta con especialistas en Ensayos No Destructivos de reconocida experiencia y s\u00f3lida formaci\u00f3n profesional, con permanente especializaci\u00f3n en temas relacionados y son quienes nos dan la solidez necesaria para enfrentar d\u00eda a d\u00eda nuevos desaf\u00edos: Contamos con un Staff de Inspectores Nivel II y Operadores Nivel I, entrenados, calificados y certificados seg\u00fan [&hellip;]<\/p>\n","protected":false},"author":1,"featured_media":0,"parent":0,"menu_order":1,"comment_status":"closed","ping_status":"open","template":"","meta":[],"_links":{"self":[{"href":"https:\/\/www.ndtesting.cl\/ensayos\/wp-json\/wp\/v2\/pages\/138"}],"collection":[{"href":"https:\/\/www.ndtesting.cl\/ensayos\/wp-json\/wp\/v2\/pages"}],"about":[{"href":"https:\/\/www.ndtesting.cl\/ensayos\/wp-json\/wp\/v2\/types\/page"}],"author":[{"embeddable":true,"href":"https:\/\/www.ndtesting.cl\/ensayos\/wp-json\/wp\/v2\/users\/1"}],"replies":[{"embeddable":true,"href":"https:\/\/www.ndtesting.cl\/ensayos\/wp-json\/wp\/v2\/comments?post=138"}],"version-history":[{"count":12,"href":"https:\/\/www.ndtesting.cl\/ensayos\/wp-json\/wp\/v2\/pages\/138\/revisions"}],"predecessor-version":[{"id":510,"href":"https:\/\/www.ndtesting.cl\/ensayos\/wp-json\/wp\/v2\/pages\/138\/revisions\/510"}],"wp:attachment":[{"href":"https:\/\/www.ndtesting.cl\/ensayos\/wp-json\/wp\/v2\/media?parent=138"}],"curies":[{"name":"wp","href":"https:\/\/api.w.org\/{rel}","templated":true}]}}