{"id":139,"date":"2014-07-17T15:10:09","date_gmt":"2014-07-17T15:10:09","guid":{"rendered":"http:\/\/ndtesting.cl\/ensayos\/?page_id=139"},"modified":"2016-07-28T02:57:27","modified_gmt":"2016-07-28T02:57:27","slug":"nosotros","status":"publish","type":"page","link":"https:\/\/www.ndtesting.cl\/ensayos\/nosotros\/","title":{"rendered":"NDT Esting"},"content":{"rendered":"<div class=\"art-content-layout\">\n<div class=\"art-content-layout-row\">\n<div class=\"art-layout-cell\" style=\"width: 100%;\">\n<p style=\"text-align: justify;\"><img loading=\"lazy\" class=\"art-lightbox\" src=\"http:\/\/ndtesting.cl\/ensayos\/wp-content\/uploads\/2014\/07\/solapa01-2.jpg\" alt=\"\" width=\"949\" height=\"94\" \/><span style=\"font-size: 14px;\"><br \/>\n<\/span><\/p>\n<\/div>\n<\/div>\n<\/div>\n<div class=\"art-content-layout\">\n<div class=\"art-content-layout-row\">\n<div class=\"art-layout-cell\" style=\"width: 100%;\">\n<p style=\"padding-left: 20px; text-align: justify;\"><span style=\"font-size: 14px; font-style: italic; font-weight: bold;\">NDT Ingenier\u00eda Limitada.<\/span><\/p>\n<p style=\"padding-left: 20px; text-align: justify;\"><span style=\"font-size: 14px;\">NDTesting, es una empresa chilena establecida en el a\u00f1o 2003, dedicada a la entrega de servicios de inspecci\u00f3n y ensayos bajo el esquema de Ensayos No Destructivos a empresas de diversos sectores industriales, como son la del Petr\u00f3leo, Aeron\u00e1utica, Gas, Miner\u00eda y Celulosa.\u00a0<\/span><\/p>\n<p style=\"padding-left: 20px; text-align: justify;\"><span style=\"font-size: 14px;\">NDTesting, centralizada en la comuna de El Bosque, posee una amplia oferta de servicios de Ensayos No Destructivos, con capacidad en los M\u00e9todos de:\u00a0<\/span><\/p>\n<p style=\"padding-left: 20px;\"><span style=\"font-size: 14px;\">Ultrasonido Corrientes de Eddy\u00a0<\/span><\/p>\n<p style=\"padding-left: 20px;\"><span style=\"font-size: 14px;\">Part\u00edculas Magn\u00e9ticas\u00a0<\/span><\/p>\n<p style=\"padding-left: 20px;\"><span style=\"font-size: 14px;\">L\u00edquidos Penetrantes\u00a0<\/span><\/p>\n<p style=\"padding-left: 20px;\"><span style=\"font-size: 14px;\">Radiograf\u00eda Industrial\u00a0<\/span><\/p>\n<p style=\"padding-left: 20px;\"><span style=\"font-size: 14px;\">Convencional Radiograf\u00eda\u00a0<\/span><\/p>\n<p style=\"padding-left: 20px;\"><span style=\"font-size: 14px;\">Industrial Digital\u00a0<\/span><\/p>\n<p style=\"padding-left: 20px; text-align: justify;\">\n<\/div>\n<\/div>\n<\/div>\n<div class=\"art-content-layout\">\n<div class=\"art-content-layout-row\">\n<div class=\"art-layout-cell\" style=\"width: 25%;\">\n<p><img loading=\"lazy\" class=\"art-lightbox\" src=\"http:\/\/ndtesting.cl\/ensayos\/wp-content\/uploads\/2014\/07\/ndtpersonal07.jpg\" alt=\"\" width=\"224\" height=\"149\" \/><\/p>\n<\/div>\n<div class=\"art-layout-cell\" style=\"width: 25%;\">\n<p><img loading=\"lazy\" class=\"art-lightbox\" src=\"http:\/\/ndtesting.cl\/ensayos\/wp-content\/uploads\/2014\/07\/ndtpersonal08.jpg\" alt=\"\" width=\"224\" height=\"149\" \/><\/p>\n<\/div>\n<div class=\"art-layout-cell\" style=\"width: 25%;\">\n<p><img loading=\"lazy\" class=\"art-lightbox\" src=\"http:\/\/ndtesting.cl\/ensayos\/wp-content\/uploads\/2014\/07\/ndtpersonal09.jpg\" alt=\"\" width=\"224\" height=\"149\" \/><\/p>\n<\/div>\n<div class=\"art-layout-cell\" style=\"width: 25%;\">\n<p><img loading=\"lazy\" class=\"art-lightbox\" src=\"http:\/\/ndtesting.cl\/ensayos\/wp-content\/uploads\/2014\/07\/ndtpersonal10.jpg\" alt=\"\" width=\"224\" height=\"149\" \/><\/p>\n<\/div>\n<\/div>\n<\/div>\n<div class=\"art-content-layout\">\n<div class=\"art-content-layout-row\">\n<div class=\"art-layout-cell\" style=\"width: 100%;\">\n<p style=\"padding-left: 20px;\"><span style=\"font-size: 14px;\"><span style=\"font-style: italic; font-weight: bold;\">As\u00ed entonces NDTesting cubre importantes sectores del quehacer productivo nacional.<\/span>\u00a0<\/span><\/p>\n<p style=\"padding-left: 20px; text-align: justify;\"><span style=\"font-size: 14px;\">El lugar que hoy ocupa NDTesting ha sido logrado gracias a la visi\u00f3n de su fundador y gerente, don Patricio Hidalgo Rodr\u00edguez, quien se ha preocupado de traspasar parte importante de sus conocimientos y experiencia a las nuevas generaciones de profesionales, permiti\u00e9ndole a la empresa dar pasos concretos hacia su consolidaci\u00f3n. Todo lo anterior, sumado al empuje de profesionales, j\u00f3venes en su mayor\u00eda, altamente comprometidos con la empresa, sus procesos y sus Clientes.<\/span><\/p>\n<\/div>\n<\/div>\n<\/div>\n","protected":false},"excerpt":{"rendered":"<p>NDT Ingenier\u00eda Limitada. NDTesting, es una empresa chilena establecida en el a\u00f1o 2003, dedicada a la entrega de servicios de inspecci\u00f3n y ensayos bajo el esquema de Ensayos No Destructivos a empresas de diversos sectores industriales, como son la del Petr\u00f3leo, Aeron\u00e1utica, Gas, Miner\u00eda y Celulosa.\u00a0 NDTesting, centralizada en la comuna de El Bosque, posee [&hellip;]<\/p>\n","protected":false},"author":1,"featured_media":0,"parent":0,"menu_order":2,"comment_status":"closed","ping_status":"open","template":"","meta":[],"_links":{"self":[{"href":"https:\/\/www.ndtesting.cl\/ensayos\/wp-json\/wp\/v2\/pages\/139"}],"collection":[{"href":"https:\/\/www.ndtesting.cl\/ensayos\/wp-json\/wp\/v2\/pages"}],"about":[{"href":"https:\/\/www.ndtesting.cl\/ensayos\/wp-json\/wp\/v2\/types\/page"}],"author":[{"embeddable":true,"href":"https:\/\/www.ndtesting.cl\/ensayos\/wp-json\/wp\/v2\/users\/1"}],"replies":[{"embeddable":true,"href":"https:\/\/www.ndtesting.cl\/ensayos\/wp-json\/wp\/v2\/comments?post=139"}],"version-history":[{"count":1,"href":"https:\/\/www.ndtesting.cl\/ensayos\/wp-json\/wp\/v2\/pages\/139\/revisions"}],"predecessor-version":[{"id":502,"href":"https:\/\/www.ndtesting.cl\/ensayos\/wp-json\/wp\/v2\/pages\/139\/revisions\/502"}],"wp:attachment":[{"href":"https:\/\/www.ndtesting.cl\/ensayos\/wp-json\/wp\/v2\/media?parent=139"}],"curies":[{"name":"wp","href":"https:\/\/api.w.org\/{rel}","templated":true}]}}