{"id":142,"date":"2014-07-17T15:10:12","date_gmt":"2014-07-17T15:10:12","guid":{"rendered":"http:\/\/ndtesting.cl\/ensayos\/?page_id=142"},"modified":"2014-08-31T04:15:00","modified_gmt":"2014-08-31T04:15:00","slug":"servicios","status":"publish","type":"page","link":"https:\/\/www.ndtesting.cl\/ensayos\/servicios\/","title":{"rendered":"Servicios"},"content":{"rendered":"<div class=\"art-content-layout\"><span style=\"color: #555555;\"><div tabindex=\"0\" class=\"cycloneslider cycloneslider-template-standard cycloneslider-width-responsive\" id=\"cycloneslider-servicios-1\" style=\"max-width:960px\" > <div class=\"cycloneslider-slides cycle-slideshow\" data-cycle-allow-wrap=\"true\" data-cycle-dynamic-height=\"off\" data-cycle-auto-height=\"960:600\" data-cycle-auto-height-easing=\"null\" data-cycle-auto-height-speed=\"250\" data-cycle-delay=\"0\" data-cycle-easing=\"\" data-cycle-fx=\"fade\" data-cycle-hide-non-active=\"true\" data-cycle-log=\"false\" data-cycle-next=\"#cycloneslider-servicios-1 .cycloneslider-next\" data-cycle-pager=\"#cycloneslider-servicios-1 .cycloneslider-pager\" data-cycle-pause-on-hover=\"true\" data-cycle-prev=\"#cycloneslider-servicios-1 .cycloneslider-prev\" data-cycle-slides=\"&gt; div\" data-cycle-speed=\"1000\" data-cycle-swipe=\"false\" data-cycle-tile-count=\"7\" data-cycle-tile-delay=\"100\" data-cycle-tile-vertical=\"true\" data-cycle-timeout=\"4000\" > <div class=\"cycloneslider-slide cycloneslider-slide-image\" > <a class=\"cycloneslider-caption-more\" href=\"http:\/\/ndtesting.cl\/ensayos\/?page_id=150\"> <img src=\"https:\/\/www.ndtesting.cl\/ensayos\/wp-content\/uploads\/2014\/08\/acustica1-960x600.jpg\" alt=\"M\u00e9todo de inspecci\u00f3n no destructiva de aplicacion integral pudiendo detectar discontinuidades de servicio incipientes y que permiten su detecci\u00f3n inmediata\" title=\"\" \/> <\/a> <div class=\"cycloneslider-caption\"> <div class=\"cycloneslider-caption-title\">Emisi\u00f3n ac\u00fastica<\/div> <div class=\"cycloneslider-caption-description\">M\u00e9todo de inspecci\u00f3n no destructiva de aplicaci\u00f3n integral pudiendo detectar discontinuidades de servicio <\/div> <\/div> <\/div> <div class=\"cycloneslider-slide cycloneslider-slide-image\" > <a class=\"cycloneslider-caption-more\" href=\"http:\/\/ndtesting.cl\/ensayos\/servicios\/corrientes-de-eddy\/\"> <img src=\"https:\/\/www.ndtesting.cl\/ensayos\/wp-content\/uploads\/2014\/08\/corteseddy-960x600.jpg\" alt=\"M\u00e9todo de inspecci\u00f3n no destructivo de alta aplicaci\u00f3n tanto en el campo aeron\u00e1utico como industrial\" title=\"\" \/> <\/a> <div class=\"cycloneslider-caption\"> <div class=\"cycloneslider-caption-title\">Corrientes de eddy<\/div> <div class=\"cycloneslider-caption-description\">M\u00e9todo de inspecci\u00f3n no destructivo de alta aplicaci\u00f3n tanto en el campo aeron\u00e1utico como industrial, su principal aplicaci\u00f3n en el campo aeron\u00e1utico<\/div> <\/div> <\/div> <div class=\"cycloneslider-slide cycloneslider-slide-image\" > <a class=\"cycloneslider-caption-more\" href=\"http:\/\/ndtesting.cl\/ensayos\/servicios\/liquidos-penetrantes\/\"> <img src=\"https:\/\/www.ndtesting.cl\/ensayos\/wp-content\/uploads\/2014\/08\/liquipenetrante-960x600.jpg\" alt=\"detecta discontinuidades abiertas a la superficie de la pieza\" title=\"\" \/> <\/a> <div class=\"cycloneslider-caption\"> <div class=\"cycloneslider-caption-title\"><\/div> <div class=\"cycloneslider-caption-description\">Permite detectar discontinuidades abiertas a la superficie de la pieza bajo <\/div> <\/div> <\/div> <div class=\"cycloneslider-slide cycloneslider-slide-image\" > <a class=\"cycloneslider-caption-more\" href=\"http:\/\/ndtesting.cl\/ensayos\/servicios\/particulas-magneticas\/\"> <img src=\"https:\/\/www.ndtesting.cl\/ensayos\/wp-content\/uploads\/2014\/08\/partmagneticas-960x600.jpg\" alt=\"Permite detectar discontinuidades en piezas de fabricaci\u00f3n y montaje, as\u00ed como tambi\u00e9n, de piezas en servicio en cumplimiento a lo establecido\" title=\"\" \/> <\/a> <div class=\"cycloneslider-caption\"> <div class=\"cycloneslider-caption-title\">Part\u00edculas magn\u00e9ticas<\/div> <div class=\"cycloneslider-caption-description\">Permite detectar discontinuidades en piezas de fabricaci\u00f3n y montaje,<\/div> <\/div> <\/div> <div class=\"cycloneslider-slide cycloneslider-slide-image\" > <a class=\"cycloneslider-caption-more\" href=\"http:\/\/ndtesting.cl\/ensayos\/servicios\/ultrasonido-phased-array\/\"> <img src=\"https:\/\/www.ndtesting.cl\/ensayos\/wp-content\/uploads\/2014\/08\/Phased_Array-960x600.jpg\" alt=\"La t\u00e9cnica de arreglo de fases modifica electr\u00f3nicamente las caracter\u00edsticas ac\u00fasticas del transductor introduciendo intervalos de tiempo en las se\u00f1ales enviadas (pulsos) y recibidas (ecos) de cada elemento del arreglo de fases lo que permite direccionar el haz .\" title=\"\" \/> <\/a> <div class=\"cycloneslider-caption\"> <div class=\"cycloneslider-caption-title\">Ultrasonido Phased Array<\/div> <div class=\"cycloneslider-caption-description\">La t\u00e9cnica de arreglo de fases modifica electr\u00f3nicamente las caracter\u00edsticas ac\u00fasticas del transductor introduciendo intervalos de tiempo <\/div> <\/div> <\/div> <div class=\"cycloneslider-slide cycloneslider-slide-image\" > <a class=\"cycloneslider-caption-more\" href=\"http:\/\/ndtesting.cl\/ensayos\/servicios\/radiografias-convencional\/\"> <img src=\"https:\/\/www.ndtesting.cl\/ensayos\/wp-content\/uploads\/2014\/08\/radiografiaconv-960x600.jpg\" alt=\"M\u00e9todo de inspecci\u00f3n no destructiva que usa energ\u00eda de alta penetraci\u00f3n de rayos x o rayos gamma\" title=\"\" \/> <\/a> <div class=\"cycloneslider-caption\"> <div class=\"cycloneslider-caption-title\">Radiograf\u00edas convencionales<\/div> <div class=\"cycloneslider-caption-description\">M\u00e9todo de inspecci\u00f3n no destructiva que usa energ\u00eda de alta penetraci\u00f3n de rayos x o rayos gamma<\/div> <\/div> <\/div> <div class=\"cycloneslider-slide cycloneslider-slide-image\" > <a class=\"cycloneslider-caption-more\" href=\"http:\/\/ndtesting.cl\/ensayos\/servicios\/radiografias-digital\/\"> <img src=\"https:\/\/www.ndtesting.cl\/ensayos\/wp-content\/uploads\/2014\/08\/radiografiadig-960x600.jpg\" alt=\"M\u00e9todo de inspecci\u00f3n recientemente desarrollado que permite efectuar inspecci\u00f3n para detectar mecanismos de deterioro\" title=\"\" \/> <\/a> <div class=\"cycloneslider-caption\"> <div class=\"cycloneslider-caption-title\">Radiograf\u00edas digital<\/div> <div class=\"cycloneslider-caption-description\">M\u00e9todo de inspecci\u00f3n recientemente desarrollado que permite efectuar inspecci\u00f3n para detectar mecanismos de deterioro <\/div> <\/div> <\/div> <div class=\"cycloneslider-slide cycloneslider-slide-image\" > <a class=\"cycloneslider-caption-more\" href=\"http:\/\/ndtesting.cl\/ensayos\/ultrasonido-con-phased-array-y-tofd\/\"> <img src=\"https:\/\/www.ndtesting.cl\/ensayos\/wp-content\/uploads\/2014\/08\/TOFD1-960x600.jpg\" alt=\"La t\u00e9cnica permite realizar barridos screening para conocer r\u00e1pidamente el estado de corrosi\u00f3n de tuber\u00edas\" title=\"\" \/> <\/a> <div class=\"cycloneslider-caption\"> <div class=\"cycloneslider-caption-title\">Ultrasonido con phased array y TOFD<\/div> <div class=\"cycloneslider-caption-description\">El ultrasonido B-Scan RF, es conocido como t\u00e9cnica TOF.<\/div> <\/div> <\/div> <div class=\"cycloneslider-slide cycloneslider-slide-image\" > <a class=\"cycloneslider-caption-more\" href=\"http:\/\/ndtesting.cl\/ensayos\/servicios\/ultrasonido-convencional\/\"> <img src=\"https:\/\/www.ndtesting.cl\/ensayos\/wp-content\/uploads\/2014\/08\/ultrasonConv-960x600.jpg\" alt=\"Para detectar discontinuidades internas y externas en grandes piezas en cumplimiento a lo establecido en el C\u00f3digo ASME Secci\u00f3n V\" title=\"\" \/> <\/a> <div class=\"cycloneslider-caption\"> <div class=\"cycloneslider-caption-title\">Ultrasonido convencional<\/div> <div class=\"cycloneslider-caption-description\">Para detectar discontinuidades internas y externas en grandes piezas <\/div> <\/div> <\/div> <div class=\"cycloneslider-slide cycloneslider-slide-image\" > <a class=\"cycloneslider-caption-more\" href=\"http:\/\/ndtesting.cl\/ensayos\/servicios\/magnetic-flux-leakage\/\"> <img src=\"https:\/\/www.ndtesting.cl\/ensayos\/wp-content\/uploads\/2016\/08\/DSCN1661-960x600.jpg\" alt=\"\" title=\"\" \/> <\/a> <div class=\"cycloneslider-caption\"> <div class=\"cycloneslider-caption-title\">Fuga de Flujo Magnetico<\/div> <div class=\"cycloneslider-caption-description\"><\/div> <\/div> <\/div> <\/div> <div class=\"cycloneslider-pager\"><\/div> <a href=\"#\" class=\"cycloneslider-prev\"> <span class=\"arrow\"><\/span> <\/a> <a href=\"#\" class=\"cycloneslider-next\"> <span class=\"arrow\"><\/span> <\/a> <\/div><\/span><\/div>\n<div class=\"art-content-layout\"><\/div>\n<div class=\"art-content-layout\"><\/div>\n","protected":false},"excerpt":{"rendered":"","protected":false},"author":1,"featured_media":0,"parent":0,"menu_order":5,"comment_status":"closed","ping_status":"open","template":"","meta":[],"_links":{"self":[{"href":"https:\/\/www.ndtesting.cl\/ensayos\/wp-json\/wp\/v2\/pages\/142"}],"collection":[{"href":"https:\/\/www.ndtesting.cl\/ensayos\/wp-json\/wp\/v2\/pages"}],"about":[{"href":"https:\/\/www.ndtesting.cl\/ensayos\/wp-json\/wp\/v2\/types\/page"}],"author":[{"embeddable":true,"href":"https:\/\/www.ndtesting.cl\/ensayos\/wp-json\/wp\/v2\/users\/1"}],"replies":[{"embeddable":true,"href":"https:\/\/www.ndtesting.cl\/ensayos\/wp-json\/wp\/v2\/comments?post=142"}],"version-history":[{"count":8,"href":"https:\/\/www.ndtesting.cl\/ensayos\/wp-json\/wp\/v2\/pages\/142\/revisions"}],"predecessor-version":[{"id":481,"href":"https:\/\/www.ndtesting.cl\/ensayos\/wp-json\/wp\/v2\/pages\/142\/revisions\/481"}],"wp:attachment":[{"href":"https:\/\/www.ndtesting.cl\/ensayos\/wp-json\/wp\/v2\/media?parent=142"}],"curies":[{"name":"wp","href":"https:\/\/api.w.org\/{rel}","templated":true}]}}