{"id":144,"date":"2014-07-17T15:10:14","date_gmt":"2014-07-17T15:10:14","guid":{"rendered":"http:\/\/ndtesting.cl\/ensayos\/?page_id=144"},"modified":"2014-08-04T03:52:04","modified_gmt":"2014-08-04T03:52:04","slug":"radiografias-digital","status":"publish","type":"page","link":"https:\/\/www.ndtesting.cl\/ensayos\/servicios\/radiografias-digital\/","title":{"rendered":"Radiograf\u00edas digital"},"content":{"rendered":"<div class=\"art-content-layout\">\n<div class=\"art-content-layout-row\">\n<div class=\"art-layout-cell\" style=\"width: 100%;\">\n<p style=\"text-align: left;\"><img loading=\"lazy\" class=\"art-lightbox\" src=\"http:\/\/ndtesting.cl\/ensayos\/wp-content\/uploads\/2014\/07\/ntd08-3.jpg\" alt=\"\" width=\"949\" height=\"94\" \/><span style=\"font-size: 14px;\"><br \/>\n<\/span><\/p>\n<\/div>\n<\/div>\n<\/div>\n<div class=\"art-content-layout\">\n<div class=\"art-content-layout-row\">\n<div class=\"art-layout-cell\" style=\"width: 100%;\">\n<p style=\"padding-left: 20px;\"><span style=\"font-size: 14px;\">M\u00e9todo de inspecci\u00f3n recientemente desarrollado que permite efectuar inspecci\u00f3n para detectar mecanismos de deterioro tales como:<\/span><\/p>\n<p style=\"padding-left: 20px; text-align: justify;\"><span style=\"font-size: 14px;\">Corrosi\u00f3n bajo aislaci\u00f3n.<\/span><\/p>\n<p style=\"padding-left: 20px; text-align: justify;\"><span style=\"font-size: 14px;\">Corrosi\u00f3n y\/o erosi\u00f3n en piezas en servicio.<br \/>\n<\/span><\/p>\n<p style=\"padding-left: 20px; text-align: justify;\"><span style=\"font-size: 14px;\">Obstrucciones de circuitos de ca\u00f1er\u00edas.<br \/>\n<\/span><\/p>\n<p style=\"padding-left: 20px; text-align: justify;\"><span style=\"font-size: 14px;\">Defectos de armado de equipos y\/o fittings.<br \/>\n<\/span><\/p>\n<p style=\"padding-left: 20px; text-align: justify;\"><span style=\"font-size: 14px;\">Obstrucciones y o defectos en v\u00e1lvulas.<br \/>\n<\/span><\/p>\n<p style=\"padding-left: 20px; text-align: justify;\"><span style=\"font-size: 14px;\">Corrosi\u00f3n y\/o adelgazamiento de paredes en deshollinadores de calderas y circuitos de ca\u00f1er\u00edas.<\/span><\/p>\n<div id=\"attachment_218\" style=\"width: 950px\" class=\"wp-caption alignnone\"><a href=\"http:\/\/ndtesting.cl\/ensayos\/wp-content\/uploads\/2014\/07\/radiografiadig.jpg\"><img aria-describedby=\"caption-attachment-218\" loading=\"lazy\" class=\"wp-image-218 size-full\" src=\"http:\/\/ndtesting.cl\/ensayos\/wp-content\/uploads\/2014\/07\/radiografiadig.jpg\" alt=\"radiografiadig\" width=\"940\" height=\"400\" srcset=\"https:\/\/www.ndtesting.cl\/ensayos\/wp-content\/uploads\/2014\/07\/radiografiadig.jpg 940w, https:\/\/www.ndtesting.cl\/ensayos\/wp-content\/uploads\/2014\/07\/radiografiadig-300x127.jpg 300w\" sizes=\"(max-width: 940px) 100vw, 940px\" \/><\/a><p id=\"caption-attachment-218\" class=\"wp-caption-text\">M\u00e9todo de inspecci\u00f3n recientemente desarrollado que permite efectuar inspecci\u00f3n para detectar mecanismos de deterioro<\/p><\/div>\n<p>&nbsp;<\/p>\n<\/div>\n<\/div>\n<\/div>\n<div class=\"art-content-layout\"><\/div>\n","protected":false},"excerpt":{"rendered":"<p>M\u00e9todo de inspecci\u00f3n recientemente desarrollado que permite efectuar inspecci\u00f3n para detectar mecanismos de deterioro tales como: Corrosi\u00f3n bajo aislaci\u00f3n. Corrosi\u00f3n y\/o erosi\u00f3n en piezas en servicio. Obstrucciones de circuitos de ca\u00f1er\u00edas. Defectos de armado de equipos y\/o fittings. Obstrucciones y o defectos en v\u00e1lvulas. Corrosi\u00f3n y\/o adelgazamiento de paredes en deshollinadores de calderas y circuitos [&hellip;]<\/p>\n","protected":false},"author":1,"featured_media":0,"parent":142,"menu_order":7,"comment_status":"closed","ping_status":"open","template":"","meta":[],"_links":{"self":[{"href":"https:\/\/www.ndtesting.cl\/ensayos\/wp-json\/wp\/v2\/pages\/144"}],"collection":[{"href":"https:\/\/www.ndtesting.cl\/ensayos\/wp-json\/wp\/v2\/pages"}],"about":[{"href":"https:\/\/www.ndtesting.cl\/ensayos\/wp-json\/wp\/v2\/types\/page"}],"author":[{"embeddable":true,"href":"https:\/\/www.ndtesting.cl\/ensayos\/wp-json\/wp\/v2\/users\/1"}],"replies":[{"embeddable":true,"href":"https:\/\/www.ndtesting.cl\/ensayos\/wp-json\/wp\/v2\/comments?post=144"}],"version-history":[{"count":2,"href":"https:\/\/www.ndtesting.cl\/ensayos\/wp-json\/wp\/v2\/pages\/144\/revisions"}],"predecessor-version":[{"id":220,"href":"https:\/\/www.ndtesting.cl\/ensayos\/wp-json\/wp\/v2\/pages\/144\/revisions\/220"}],"up":[{"embeddable":true,"href":"https:\/\/www.ndtesting.cl\/ensayos\/wp-json\/wp\/v2\/pages\/142"}],"wp:attachment":[{"href":"https:\/\/www.ndtesting.cl\/ensayos\/wp-json\/wp\/v2\/media?parent=144"}],"curies":[{"name":"wp","href":"https:\/\/api.w.org\/{rel}","templated":true}]}}