{"id":145,"date":"2014-07-17T15:10:15","date_gmt":"2014-07-17T15:10:15","guid":{"rendered":"http:\/\/ndtesting.cl\/ensayos\/?page_id=145"},"modified":"2014-08-04T02:07:47","modified_gmt":"2014-08-04T02:07:47","slug":"ultrasonido-convencional","status":"publish","type":"page","link":"https:\/\/www.ndtesting.cl\/ensayos\/servicios\/ultrasonido-convencional\/","title":{"rendered":"Ultrasonido convencional"},"content":{"rendered":"<div class=\"art-content-layout\">\n<div class=\"art-content-layout-row\">\n<div class=\"art-layout-cell\" style=\"width: 100%;\">\n<p style=\"text-align: justify;\"><img loading=\"lazy\" class=\"art-lightbox\" src=\"http:\/\/ndtesting.cl\/ensayos\/wp-content\/uploads\/2014\/07\/ntd08-11.jpg\" alt=\"\" width=\"949\" height=\"94\" \/><span style=\"font-size: 14px;\"><br \/>\n<\/span><\/p>\n<\/div>\n<\/div>\n<\/div>\n<div class=\"art-content-layout\">\n<div class=\"art-content-layout-row\">\n<div class=\"art-layout-cell\" style=\"width: 100%;\">\n<p style=\"padding-left: 20px; text-align: justify;\"><span style=\"font-size: 14px;\">Para detectar discontinuidades internas y externas en grandes piezas en cumplimiento a lo establecido en el C\u00f3digo ASME Secci\u00f3n V, Art\u00edculos 4 y 5, pudiendo en algunos casos alcanzar hasta 12 o m\u00e1s metros en acero. Este m\u00e9todo detecta discontinuidades de fabricaci\u00f3n y de servicio tales como:<\/span><\/p>\n<p style=\"padding-left: 20px; text-align: justify;\"><span style=\"font-size: 14px;\">Grietas de fabricaci\u00f3n.<\/span><\/p>\n<p style=\"padding-left: 20px; text-align: justify;\"><span style=\"font-size: 14px;\">Grietas de servicio.<\/span><\/p>\n<p style=\"padding-left: 20px; text-align: justify;\"><span style=\"font-size: 14px;\">Falta de fusi\u00f3n.<\/span><\/p>\n<p style=\"padding-left: 20px; text-align: justify;\"><span style=\"font-size: 14px;\">Falta de penetraci\u00f3n.<\/span><\/p>\n<p style=\"padding-left: 20px; text-align: justify;\"><span style=\"font-size: 14px;\">Inclusiones met\u00e1licas y no-met\u00e1licas.<\/span><\/p>\n<div id=\"attachment_195\" style=\"width: 960px\" class=\"wp-caption alignnone\"><a href=\"http:\/\/ndtesting.cl\/ensayos\/wp-content\/uploads\/2014\/07\/ultrasonConv.jpg\"><img aria-describedby=\"caption-attachment-195\" loading=\"lazy\" class=\"wp-image-195\" src=\"http:\/\/ndtesting.cl\/ensayos\/wp-content\/uploads\/2014\/07\/ultrasonConv.jpg\" alt=\"Para detectar discontinuidades internas y externas en grandes piezas en cumplimiento a lo establecido en el C\u00f3digo ASME Secci\u00f3n V\" width=\"950\" height=\"404\" srcset=\"https:\/\/www.ndtesting.cl\/ensayos\/wp-content\/uploads\/2014\/07\/ultrasonConv.jpg 1000w, https:\/\/www.ndtesting.cl\/ensayos\/wp-content\/uploads\/2014\/07\/ultrasonConv-300x127.jpg 300w\" sizes=\"(max-width: 950px) 100vw, 950px\" \/><\/a><p id=\"caption-attachment-195\" class=\"wp-caption-text\">Para detectar discontinuidades internas y externas en grandes piezas en cumplimiento a lo establecido en el C\u00f3digo ASME Secci\u00f3n V<\/p><\/div>\n<\/div>\n<\/div>\n<\/div>\n<div class=\"art-content-layout\"><\/div>\n","protected":false},"excerpt":{"rendered":"<p>Para detectar discontinuidades internas y externas en grandes piezas en cumplimiento a lo establecido en el C\u00f3digo ASME Secci\u00f3n V, Art\u00edculos 4 y 5, pudiendo en algunos casos alcanzar hasta 12 o m\u00e1s metros en acero. Este m\u00e9todo detecta discontinuidades de fabricaci\u00f3n y de servicio tales como: Grietas de fabricaci\u00f3n. Grietas de servicio. Falta de [&hellip;]<\/p>\n","protected":false},"author":1,"featured_media":0,"parent":142,"menu_order":8,"comment_status":"closed","ping_status":"open","template":"","meta":[],"_links":{"self":[{"href":"https:\/\/www.ndtesting.cl\/ensayos\/wp-json\/wp\/v2\/pages\/145"}],"collection":[{"href":"https:\/\/www.ndtesting.cl\/ensayos\/wp-json\/wp\/v2\/pages"}],"about":[{"href":"https:\/\/www.ndtesting.cl\/ensayos\/wp-json\/wp\/v2\/types\/page"}],"author":[{"embeddable":true,"href":"https:\/\/www.ndtesting.cl\/ensayos\/wp-json\/wp\/v2\/users\/1"}],"replies":[{"embeddable":true,"href":"https:\/\/www.ndtesting.cl\/ensayos\/wp-json\/wp\/v2\/comments?post=145"}],"version-history":[{"count":4,"href":"https:\/\/www.ndtesting.cl\/ensayos\/wp-json\/wp\/v2\/pages\/145\/revisions"}],"predecessor-version":[{"id":198,"href":"https:\/\/www.ndtesting.cl\/ensayos\/wp-json\/wp\/v2\/pages\/145\/revisions\/198"}],"up":[{"embeddable":true,"href":"https:\/\/www.ndtesting.cl\/ensayos\/wp-json\/wp\/v2\/pages\/142"}],"wp:attachment":[{"href":"https:\/\/www.ndtesting.cl\/ensayos\/wp-json\/wp\/v2\/media?parent=145"}],"curies":[{"name":"wp","href":"https:\/\/api.w.org\/{rel}","templated":true}]}}