{"id":146,"date":"2014-07-17T15:10:16","date_gmt":"2014-07-17T15:10:16","guid":{"rendered":"http:\/\/ndtesting.cl\/ensayos\/?page_id=146"},"modified":"2014-08-04T02:41:41","modified_gmt":"2014-08-04T02:41:41","slug":"ultrasonido-phased-array","status":"publish","type":"page","link":"https:\/\/www.ndtesting.cl\/ensayos\/servicios\/ultrasonido-phased-array\/","title":{"rendered":"Ultrasonido Phased Array"},"content":{"rendered":"<div class=\"art-content-layout\">\n<div class=\"art-content-layout-row\">\n<div class=\"art-layout-cell\" style=\"width: 100%;\">\n<p style=\"text-align: justify;\"><img loading=\"lazy\" class=\"art-lightbox\" src=\"http:\/\/ndtesting.cl\/ensayos\/wp-content\/uploads\/2014\/07\/ntd08-4.jpg\" alt=\"\" width=\"949\" height=\"94\" \/><span style=\"font-size: 14px;\"><br \/>\n<\/span><\/p>\n<\/div>\n<\/div>\n<\/div>\n<div class=\"art-content-layout\">\n<div class=\"art-content-layout-row\">\n<div class=\"art-layout-cell\" style=\"width: 100%;\">\n<p style=\"padding-left: 20px; text-align: justify;\"><span style=\"font-size: 14px;\">La t\u00e9cnica de arreglo de fases modifica electr\u00f3nicamente las caracter\u00edsticas ac\u00fasticas del transductor introduciendo intervalos de tiempo en las se\u00f1ales enviadas (pulsos) y recibidas (ecos) de cada elemento del arreglo de fases lo que permite direccionar el haz .<\/span><\/p>\n<p style=\"padding-left: 20px; text-align: justify;\"><span style=\"font-size: 14px;\">El ultrasonido por arreglo de fases aumenta la capacidad de detecci\u00f3n de fallas, mejora la velocidad de rastreo sin movimiento en algunas piezas, mejora la accesibilidad por el control de direcci\u00f3n del haz ultras\u00f3nico, especialmente en piezas de geometr\u00eda compleja; mejora la caracterizaci\u00f3n de las fallas, adem\u00e1s de inspeccionar y crear reportes m\u00e1s veloces.<\/span><\/p>\n<div id=\"attachment_201\" style=\"width: 930px\" class=\"wp-caption alignnone\"><a href=\"http:\/\/ndtesting.cl\/ensayos\/wp-content\/uploads\/2014\/07\/Phased_Array.jpg\"><img aria-describedby=\"caption-attachment-201\" loading=\"lazy\" class=\"wp-image-201\" src=\"http:\/\/ndtesting.cl\/ensayos\/wp-content\/uploads\/2014\/07\/Phased_Array.jpg\" alt=\"Phased_Array\" width=\"920\" height=\"391\" srcset=\"https:\/\/www.ndtesting.cl\/ensayos\/wp-content\/uploads\/2014\/07\/Phased_Array.jpg 1000w, https:\/\/www.ndtesting.cl\/ensayos\/wp-content\/uploads\/2014\/07\/Phased_Array-300x127.jpg 300w\" sizes=\"(max-width: 920px) 100vw, 920px\" \/><\/a><p id=\"caption-attachment-201\" class=\"wp-caption-text\">La t\u00e9cnica de arreglo de fases modifica electr\u00f3nicamente las caracter\u00edsticas ac\u00fasticas del transductor introduciendo intervalos de tiempo en las se\u00f1ales enviadas (pulsos) y recibidas (ecos) de cada elemento del arreglo de fases lo que permite direccionar el haz .<\/p><\/div>\n<p>&nbsp;<\/p>\n<\/div>\n<\/div>\n<\/div>\n<div class=\"art-content-layout\"><\/div>\n","protected":false},"excerpt":{"rendered":"<p>La t\u00e9cnica de arreglo de fases modifica electr\u00f3nicamente las caracter\u00edsticas ac\u00fasticas del transductor introduciendo intervalos de tiempo en las se\u00f1ales enviadas (pulsos) y recibidas (ecos) de cada elemento del arreglo de fases lo que permite direccionar el haz . El ultrasonido por arreglo de fases aumenta la capacidad de detecci\u00f3n de fallas, mejora la velocidad [&hellip;]<\/p>\n","protected":false},"author":1,"featured_media":0,"parent":142,"menu_order":9,"comment_status":"closed","ping_status":"open","template":"","meta":[],"_links":{"self":[{"href":"https:\/\/www.ndtesting.cl\/ensayos\/wp-json\/wp\/v2\/pages\/146"}],"collection":[{"href":"https:\/\/www.ndtesting.cl\/ensayos\/wp-json\/wp\/v2\/pages"}],"about":[{"href":"https:\/\/www.ndtesting.cl\/ensayos\/wp-json\/wp\/v2\/types\/page"}],"author":[{"embeddable":true,"href":"https:\/\/www.ndtesting.cl\/ensayos\/wp-json\/wp\/v2\/users\/1"}],"replies":[{"embeddable":true,"href":"https:\/\/www.ndtesting.cl\/ensayos\/wp-json\/wp\/v2\/comments?post=146"}],"version-history":[{"count":4,"href":"https:\/\/www.ndtesting.cl\/ensayos\/wp-json\/wp\/v2\/pages\/146\/revisions"}],"predecessor-version":[{"id":205,"href":"https:\/\/www.ndtesting.cl\/ensayos\/wp-json\/wp\/v2\/pages\/146\/revisions\/205"}],"up":[{"embeddable":true,"href":"https:\/\/www.ndtesting.cl\/ensayos\/wp-json\/wp\/v2\/pages\/142"}],"wp:attachment":[{"href":"https:\/\/www.ndtesting.cl\/ensayos\/wp-json\/wp\/v2\/media?parent=146"}],"curies":[{"name":"wp","href":"https:\/\/api.w.org\/{rel}","templated":true}]}}