{"id":147,"date":"2014-07-17T15:10:17","date_gmt":"2014-07-17T15:10:17","guid":{"rendered":"http:\/\/ndtesting.cl\/ensayos\/?page_id=147"},"modified":"2014-08-04T03:02:00","modified_gmt":"2014-08-04T03:02:00","slug":"corrientes-de-eddy","status":"publish","type":"page","link":"https:\/\/www.ndtesting.cl\/ensayos\/servicios\/corrientes-de-eddy\/","title":{"rendered":"Corrientes de eddy"},"content":{"rendered":"<div class=\"art-content-layout\">\n<div class=\"art-content-layout-row\">\n<div class=\"art-layout-cell\" style=\"width: 100%;\">\n<p style=\"text-align: justify;\"><img loading=\"lazy\" class=\"art-lightbox\" src=\"http:\/\/ndtesting.cl\/ensayos\/wp-content\/uploads\/2014\/07\/ntd08-5.jpg\" alt=\"\" width=\"949\" height=\"94\" \/><span style=\"font-size: 14px;\"><br \/>\n<\/span><\/p>\n<\/div>\n<\/div>\n<\/div>\n<div class=\"art-content-layout\">\n<div class=\"art-content-layout-row\">\n<div class=\"art-layout-cell\" style=\"width: 100%;\">\n<p style=\"padding-left: 20px; text-align: justify;\"><span style=\"font-size: 14px;\">M\u00e9todo de inspecci\u00f3n no destructivo de alta aplicaci\u00f3n tanto en el campo aeron\u00e1utico como industrial, su principal aplicaci\u00f3n en el campo aeron\u00e1utico es para detecci\u00f3n de defectos de servicio y en el campo industrial permite inspeccionar tubos de intercambiadores de calor, condensadores, aeroenfriadores, en cumplimiento a las directrices del C\u00f3digo ASME, Secci\u00f3n V, Art\u00edculo 8, permitiendo detectar las siguientes discontinuidades:<\/span><\/p>\n<p style=\"padding-left: 20px; text-align: justify;\"><span style=\"font-size: 14px;\">Grietas.<\/span><\/p>\n<p style=\"padding-left: 20px; text-align: justify;\"><span style=\"font-size: 14px;\">Pitting.\u00a0<\/span><\/p>\n<p style=\"padding-left: 20px; text-align: justify;\"><span style=\"font-size: 14px;\">Corrosi\u00f3n.<\/span><\/p>\n<p style=\"padding-left: 20px; text-align: justify;\"><span style=\"font-size: 14px;\">Desgaste por roce o erosi\u00f3n<\/span><\/p>\n<div id=\"attachment_209\" style=\"width: 950px\" class=\"wp-caption alignnone\"><a href=\"http:\/\/ndtesting.cl\/ensayos\/wp-content\/uploads\/2014\/07\/corteseddy.jpg\"><img aria-describedby=\"caption-attachment-209\" loading=\"lazy\" class=\"wp-image-209 size-full\" src=\"http:\/\/ndtesting.cl\/ensayos\/wp-content\/uploads\/2014\/07\/corteseddy.jpg\" alt=\"corteseddy\" width=\"940\" height=\"400\" srcset=\"https:\/\/www.ndtesting.cl\/ensayos\/wp-content\/uploads\/2014\/07\/corteseddy.jpg 940w, https:\/\/www.ndtesting.cl\/ensayos\/wp-content\/uploads\/2014\/07\/corteseddy-300x127.jpg 300w\" sizes=\"(max-width: 940px) 100vw, 940px\" \/><\/a><p id=\"caption-attachment-209\" class=\"wp-caption-text\">M\u00e9todo de inspecci\u00f3n no destructivo de alta aplicaci\u00f3n tanto en el campo aeron\u00e1utico como industrial<\/p><\/div>\n<\/div>\n<\/div>\n<\/div>\n<div class=\"art-content-layout\"><\/div>\n","protected":false},"excerpt":{"rendered":"<p>M\u00e9todo de inspecci\u00f3n no destructivo de alta aplicaci\u00f3n tanto en el campo aeron\u00e1utico como industrial, su principal aplicaci\u00f3n en el campo aeron\u00e1utico es para detecci\u00f3n de defectos de servicio y en el campo industrial permite inspeccionar tubos de intercambiadores de calor, condensadores, aeroenfriadores, en cumplimiento a las directrices del C\u00f3digo ASME, Secci\u00f3n V, Art\u00edculo 8, [&hellip;]<\/p>\n","protected":false},"author":1,"featured_media":0,"parent":142,"menu_order":10,"comment_status":"closed","ping_status":"open","template":"","meta":[],"_links":{"self":[{"href":"https:\/\/www.ndtesting.cl\/ensayos\/wp-json\/wp\/v2\/pages\/147"}],"collection":[{"href":"https:\/\/www.ndtesting.cl\/ensayos\/wp-json\/wp\/v2\/pages"}],"about":[{"href":"https:\/\/www.ndtesting.cl\/ensayos\/wp-json\/wp\/v2\/types\/page"}],"author":[{"embeddable":true,"href":"https:\/\/www.ndtesting.cl\/ensayos\/wp-json\/wp\/v2\/users\/1"}],"replies":[{"embeddable":true,"href":"https:\/\/www.ndtesting.cl\/ensayos\/wp-json\/wp\/v2\/comments?post=147"}],"version-history":[{"count":3,"href":"https:\/\/www.ndtesting.cl\/ensayos\/wp-json\/wp\/v2\/pages\/147\/revisions"}],"predecessor-version":[{"id":212,"href":"https:\/\/www.ndtesting.cl\/ensayos\/wp-json\/wp\/v2\/pages\/147\/revisions\/212"}],"up":[{"embeddable":true,"href":"https:\/\/www.ndtesting.cl\/ensayos\/wp-json\/wp\/v2\/pages\/142"}],"wp:attachment":[{"href":"https:\/\/www.ndtesting.cl\/ensayos\/wp-json\/wp\/v2\/media?parent=147"}],"curies":[{"name":"wp","href":"https:\/\/api.w.org\/{rel}","templated":true}]}}