{"id":148,"date":"2014-07-17T15:10:18","date_gmt":"2014-07-17T15:10:18","guid":{"rendered":"http:\/\/ndtesting.cl\/ensayos\/?page_id=148"},"modified":"2014-08-04T02:43:51","modified_gmt":"2014-08-04T02:43:51","slug":"liquidos-penetrantes","status":"publish","type":"page","link":"https:\/\/www.ndtesting.cl\/ensayos\/servicios\/liquidos-penetrantes\/","title":{"rendered":"L\u00edquidos penetrantes"},"content":{"rendered":"<div class=\"art-content-layout\">\n<div class=\"art-content-layout-row\">\n<div class=\"art-layout-cell\" style=\"width: 100%;\">\n<p style=\"text-align: justify;\"><img loading=\"lazy\" class=\"art-lightbox\" src=\"http:\/\/ndtesting.cl\/ensayos\/wp-content\/uploads\/2014\/07\/ntd08-6.jpg\" alt=\"\" width=\"949\" height=\"94\" \/><span style=\"font-size: 14px;\"><br \/>\n<\/span><\/p>\n<\/div>\n<\/div>\n<\/div>\n<div class=\"art-content-layout\">\n<div class=\"art-content-layout-row\">\n<div class=\"art-layout-cell\" style=\"width: 100%;\">\n<p style=\"padding-left: 20px; text-align: justify;\"><span style=\"font-size: 14px;\">Permite detectar discontinuidades abiertas a la superficie de la pieza bajo inspecci\u00f3n de acuerdo a lo establecido en el C\u00f3digo ASME Secci\u00f3n V, Art\u00edculo 6 para detecci\u00f3n de:<\/span><\/p>\n<p style=\"padding-left: 20px; text-align: justify;\"><span style=\"font-size: 14px;\">Corrosion.<\/span><\/p>\n<p style=\"padding-left: 20px; text-align: justify;\"><span style=\"font-size: 14px;\">Grietas.<\/span><\/p>\n<p style=\"padding-left: 20px; text-align: justify;\"><span style=\"font-size: 14px;\">Corrosi\u00f3n Intergranular<\/span><\/p>\n<div id=\"attachment_206\" style=\"width: 950px\" class=\"wp-caption alignnone\"><a href=\"http:\/\/ndtesting.cl\/ensayos\/wp-content\/uploads\/2014\/07\/liquipenetrante.jpg\"><img aria-describedby=\"caption-attachment-206\" loading=\"lazy\" class=\"wp-image-206 size-full\" src=\"http:\/\/ndtesting.cl\/ensayos\/wp-content\/uploads\/2014\/07\/liquipenetrante.jpg\" alt=\"liquipenetrante\" width=\"940\" height=\"400\" srcset=\"https:\/\/www.ndtesting.cl\/ensayos\/wp-content\/uploads\/2014\/07\/liquipenetrante.jpg 940w, https:\/\/www.ndtesting.cl\/ensayos\/wp-content\/uploads\/2014\/07\/liquipenetrante-300x127.jpg 300w\" sizes=\"(max-width: 940px) 100vw, 940px\" \/><\/a><p id=\"caption-attachment-206\" class=\"wp-caption-text\">detecta discontinuidades abiertas a la superficie de la pieza<\/p><\/div>\n<\/div>\n<\/div>\n<\/div>\n<div class=\"art-content-layout\">\n<div class=\"art-content-layout-row\">\n<div class=\"art-layout-cell\" style=\"width: 100%;\"><\/div>\n<\/div>\n<\/div>\n","protected":false},"excerpt":{"rendered":"<p>Permite detectar discontinuidades abiertas a la superficie de la pieza bajo inspecci\u00f3n de acuerdo a lo establecido en el C\u00f3digo ASME Secci\u00f3n V, Art\u00edculo 6 para detecci\u00f3n de: Corrosion. Grietas. Corrosi\u00f3n Intergranular<\/p>\n","protected":false},"author":1,"featured_media":0,"parent":142,"menu_order":11,"comment_status":"closed","ping_status":"open","template":"","meta":[],"_links":{"self":[{"href":"https:\/\/www.ndtesting.cl\/ensayos\/wp-json\/wp\/v2\/pages\/148"}],"collection":[{"href":"https:\/\/www.ndtesting.cl\/ensayos\/wp-json\/wp\/v2\/pages"}],"about":[{"href":"https:\/\/www.ndtesting.cl\/ensayos\/wp-json\/wp\/v2\/types\/page"}],"author":[{"embeddable":true,"href":"https:\/\/www.ndtesting.cl\/ensayos\/wp-json\/wp\/v2\/users\/1"}],"replies":[{"embeddable":true,"href":"https:\/\/www.ndtesting.cl\/ensayos\/wp-json\/wp\/v2\/comments?post=148"}],"version-history":[{"count":2,"href":"https:\/\/www.ndtesting.cl\/ensayos\/wp-json\/wp\/v2\/pages\/148\/revisions"}],"predecessor-version":[{"id":208,"href":"https:\/\/www.ndtesting.cl\/ensayos\/wp-json\/wp\/v2\/pages\/148\/revisions\/208"}],"up":[{"embeddable":true,"href":"https:\/\/www.ndtesting.cl\/ensayos\/wp-json\/wp\/v2\/pages\/142"}],"wp:attachment":[{"href":"https:\/\/www.ndtesting.cl\/ensayos\/wp-json\/wp\/v2\/media?parent=148"}],"curies":[{"name":"wp","href":"https:\/\/api.w.org\/{rel}","templated":true}]}}