{"id":149,"date":"2014-07-17T15:10:19","date_gmt":"2014-07-17T15:10:19","guid":{"rendered":"http:\/\/ndtesting.cl\/ensayos\/?page_id=149"},"modified":"2014-08-04T04:07:09","modified_gmt":"2014-08-04T04:07:09","slug":"particulas-magneticas","status":"publish","type":"page","link":"https:\/\/www.ndtesting.cl\/ensayos\/servicios\/particulas-magneticas\/","title":{"rendered":"Part\u00edculas magn\u00e9ticas"},"content":{"rendered":"<div class=\"art-content-layout\">\n<div class=\"art-content-layout-row\">\n<div class=\"art-layout-cell\" style=\"width: 100%;\">\n<p style=\"text-align: justify;\"><img loading=\"lazy\" class=\"art-lightbox\" src=\"http:\/\/ndtesting.cl\/ensayos\/wp-content\/uploads\/2014\/07\/ntd08-7.jpg\" alt=\"\" width=\"949\" height=\"94\" \/><span style=\"font-size: 14px;\"><br \/>\n<\/span><\/p>\n<\/div>\n<\/div>\n<\/div>\n<div class=\"art-content-layout\">\n<div class=\"art-content-layout-row\">\n<div class=\"art-layout-cell\" style=\"width: 100%;\">\n<p style=\"padding-left: 20px; text-align: justify;\"><span style=\"font-size: 14px;\">Permite detectar discontinuidades en piezas de fabricaci\u00f3n y montaje, as\u00ed como tambi\u00e9n, de piezas en servicio en cumplimiento a lo establecido en el C\u00f3digo ASME Secci\u00f3n V, Art\u00edculo 7, bajo la condici\u00f3n que estas sean ferromagn\u00e9ticas, pudiendo detectar discontinuidades superficiales y subsuperficiales tales como:<\/span><\/p>\n<p style=\"padding-left: 20px; text-align: justify;\"><span style=\"font-size: 14px;\">Grietas de soldaduras.<\/span><\/p>\n<p style=\"padding-left: 20px; text-align: justify;\"><span style=\"font-size: 14px;\">Grietas de fatiga.<\/span><\/p>\n<p style=\"padding-left: 20px; text-align: justify;\"><span style=\"font-size: 14px;\">Inclusiones.<\/span><\/p>\n<p style=\"padding-left: 20px; text-align: justify;\"><span style=\"font-size: 14px;\">Falta de fusi\u00f3n.<\/span><\/p>\n<div id=\"attachment_221\" style=\"width: 950px\" class=\"wp-caption alignnone\"><a href=\"http:\/\/ndtesting.cl\/ensayos\/wp-content\/uploads\/2014\/07\/partmagneticas.jpg\"><img aria-describedby=\"caption-attachment-221\" loading=\"lazy\" class=\"wp-image-221 size-full\" src=\"http:\/\/ndtesting.cl\/ensayos\/wp-content\/uploads\/2014\/07\/partmagneticas.jpg\" alt=\"partmagneticas\" width=\"940\" height=\"400\" srcset=\"https:\/\/www.ndtesting.cl\/ensayos\/wp-content\/uploads\/2014\/07\/partmagneticas.jpg 940w, https:\/\/www.ndtesting.cl\/ensayos\/wp-content\/uploads\/2014\/07\/partmagneticas-300x127.jpg 300w\" sizes=\"(max-width: 940px) 100vw, 940px\" \/><\/a><p id=\"caption-attachment-221\" class=\"wp-caption-text\">Permite detectar discontinuidades en piezas de fabricaci\u00f3n y montaje, as\u00ed como tambi\u00e9n, de piezas en servicio en cumplimiento a lo establecido<\/p><\/div>\n<\/div>\n<\/div>\n<\/div>\n<div class=\"art-content-layout\">\n<div class=\"art-content-layout-row\">\n<div class=\"art-layout-cell\" style=\"width: 100%;\"><\/div>\n<\/div>\n<\/div>\n","protected":false},"excerpt":{"rendered":"<p>Permite detectar discontinuidades en piezas de fabricaci\u00f3n y montaje, as\u00ed como tambi\u00e9n, de piezas en servicio en cumplimiento a lo establecido en el C\u00f3digo ASME Secci\u00f3n V, Art\u00edculo 7, bajo la condici\u00f3n que estas sean ferromagn\u00e9ticas, pudiendo detectar discontinuidades superficiales y subsuperficiales tales como: Grietas de soldaduras. Grietas de fatiga. Inclusiones. Falta de fusi\u00f3n.<\/p>\n","protected":false},"author":1,"featured_media":0,"parent":142,"menu_order":12,"comment_status":"closed","ping_status":"open","template":"","meta":[],"_links":{"self":[{"href":"https:\/\/www.ndtesting.cl\/ensayos\/wp-json\/wp\/v2\/pages\/149"}],"collection":[{"href":"https:\/\/www.ndtesting.cl\/ensayos\/wp-json\/wp\/v2\/pages"}],"about":[{"href":"https:\/\/www.ndtesting.cl\/ensayos\/wp-json\/wp\/v2\/types\/page"}],"author":[{"embeddable":true,"href":"https:\/\/www.ndtesting.cl\/ensayos\/wp-json\/wp\/v2\/users\/1"}],"replies":[{"embeddable":true,"href":"https:\/\/www.ndtesting.cl\/ensayos\/wp-json\/wp\/v2\/comments?post=149"}],"version-history":[{"count":2,"href":"https:\/\/www.ndtesting.cl\/ensayos\/wp-json\/wp\/v2\/pages\/149\/revisions"}],"predecessor-version":[{"id":223,"href":"https:\/\/www.ndtesting.cl\/ensayos\/wp-json\/wp\/v2\/pages\/149\/revisions\/223"}],"up":[{"embeddable":true,"href":"https:\/\/www.ndtesting.cl\/ensayos\/wp-json\/wp\/v2\/pages\/142"}],"wp:attachment":[{"href":"https:\/\/www.ndtesting.cl\/ensayos\/wp-json\/wp\/v2\/media?parent=149"}],"curies":[{"name":"wp","href":"https:\/\/api.w.org\/{rel}","templated":true}]}}