{"id":150,"date":"2014-07-17T15:10:20","date_gmt":"2014-07-17T15:10:20","guid":{"rendered":"http:\/\/ndtesting.cl\/ensayos\/?page_id=150"},"modified":"2014-08-04T04:30:15","modified_gmt":"2014-08-04T04:30:15","slug":"emision-acustica","status":"publish","type":"page","link":"https:\/\/www.ndtesting.cl\/ensayos\/servicios\/emision-acustica\/","title":{"rendered":"Emisi\u00f3n ac\u00fastica"},"content":{"rendered":"<div class=\"art-content-layout\">\n<div class=\"art-content-layout-row\">\n<div class=\"art-layout-cell\" style=\"width: 100%;\">\n<p style=\"text-align: justify;\"><img loading=\"lazy\" class=\"art-lightbox\" src=\"http:\/\/ndtesting.cl\/ensayos\/wp-content\/uploads\/2014\/07\/ntd08-8.jpg\" alt=\"\" width=\"949\" height=\"94\" \/><\/p>\n<\/div>\n<\/div>\n<\/div>\n<div class=\"art-content-layout\">\n<div class=\"art-content-layout-row\">\n<div class=\"art-layout-cell\" style=\"width: 100%;\">\n<p style=\"padding-left: 20px; text-align: justify;\">M\u00e9todo de inspecci\u00f3n no destructiva de aplicacion integral pudiendo detectar discontinuidades de servicio incipientes y que permiten su detecci\u00f3n inmediata pudiendo orientar otros m\u00e9todos y t\u00e9cnicas como un gran ahorro de tiempo. Con este m\u00e9todo se puede evaluar lo siguiente:<\/p>\n<p style=\"padding-left: 20px; text-align: justify;\">Pisos de estanques en servicio.<\/p>\n<p style=\"padding-left: 20px; text-align: justify;\">Circuitos de ca\u00f1er\u00edas.<\/p>\n<p style=\"padding-left: 20px; text-align: justify;\">Recipientes a presi\u00f3n.<\/p>\n<p style=\"padding-left: 20px; text-align: justify;\">Digestores.<\/p>\n<p style=\"padding-left: 20px; text-align: justify;\">Reactores.<\/p>\n<div id=\"attachment_224\" style=\"width: 950px\" class=\"wp-caption alignnone\"><a href=\"http:\/\/ndtesting.cl\/ensayos\/wp-content\/uploads\/2014\/07\/acustica1.jpg\"><img aria-describedby=\"caption-attachment-224\" loading=\"lazy\" class=\"wp-image-224 size-full\" src=\"http:\/\/ndtesting.cl\/ensayos\/wp-content\/uploads\/2014\/07\/acustica1.jpg\" alt=\"acustica\" width=\"940\" height=\"400\" srcset=\"https:\/\/www.ndtesting.cl\/ensayos\/wp-content\/uploads\/2014\/07\/acustica1.jpg 940w, https:\/\/www.ndtesting.cl\/ensayos\/wp-content\/uploads\/2014\/07\/acustica1-300x127.jpg 300w\" sizes=\"(max-width: 940px) 100vw, 940px\" \/><\/a><p id=\"caption-attachment-224\" class=\"wp-caption-text\">M\u00e9todo de inspecci\u00f3n no destructiva de aplicacion integral pudiendo detectar discontinuidades de servicio incipientes y que permiten su detecci\u00f3n inmediata<\/p><\/div>\n<\/div>\n<\/div>\n<\/div>\n<div class=\"art-content-layout\"><\/div>\n","protected":false},"excerpt":{"rendered":"<p>M\u00e9todo de inspecci\u00f3n no destructiva de aplicacion integral pudiendo detectar discontinuidades de servicio incipientes y que permiten su detecci\u00f3n inmediata pudiendo orientar otros m\u00e9todos y t\u00e9cnicas como un gran ahorro de tiempo. Con este m\u00e9todo se puede evaluar lo siguiente: Pisos de estanques en servicio. Circuitos de ca\u00f1er\u00edas. Recipientes a presi\u00f3n. Digestores. Reactores.<\/p>\n","protected":false},"author":1,"featured_media":0,"parent":142,"menu_order":13,"comment_status":"closed","ping_status":"open","template":"","meta":[],"_links":{"self":[{"href":"https:\/\/www.ndtesting.cl\/ensayos\/wp-json\/wp\/v2\/pages\/150"}],"collection":[{"href":"https:\/\/www.ndtesting.cl\/ensayos\/wp-json\/wp\/v2\/pages"}],"about":[{"href":"https:\/\/www.ndtesting.cl\/ensayos\/wp-json\/wp\/v2\/types\/page"}],"author":[{"embeddable":true,"href":"https:\/\/www.ndtesting.cl\/ensayos\/wp-json\/wp\/v2\/users\/1"}],"replies":[{"embeddable":true,"href":"https:\/\/www.ndtesting.cl\/ensayos\/wp-json\/wp\/v2\/comments?post=150"}],"version-history":[{"count":3,"href":"https:\/\/www.ndtesting.cl\/ensayos\/wp-json\/wp\/v2\/pages\/150\/revisions"}],"predecessor-version":[{"id":227,"href":"https:\/\/www.ndtesting.cl\/ensayos\/wp-json\/wp\/v2\/pages\/150\/revisions\/227"}],"up":[{"embeddable":true,"href":"https:\/\/www.ndtesting.cl\/ensayos\/wp-json\/wp\/v2\/pages\/142"}],"wp:attachment":[{"href":"https:\/\/www.ndtesting.cl\/ensayos\/wp-json\/wp\/v2\/media?parent=150"}],"curies":[{"name":"wp","href":"https:\/\/api.w.org\/{rel}","templated":true}]}}