{"id":251,"date":"2014-08-27T11:56:08","date_gmt":"2014-08-27T11:56:08","guid":{"rendered":"http:\/\/ndtesting.cl\/ensayos\/?page_id=251"},"modified":"2014-08-27T11:58:22","modified_gmt":"2014-08-27T11:58:22","slug":"ultrasonido-con-phased-array-y-tofd","status":"publish","type":"page","link":"https:\/\/www.ndtesting.cl\/ensayos\/ultrasonido-con-phased-array-y-tofd\/","title":{"rendered":"Ultrasonido con phased array y TOFD"},"content":{"rendered":"<p><a href=\"http:\/\/ndtesting.cl\/ensayos\/wp-content\/uploads\/2014\/07\/ntd08-10-large.jpg\"><img loading=\"lazy\" class=\"alignnone wp-image-123\" src=\"http:\/\/ndtesting.cl\/ensayos\/wp-content\/uploads\/2014\/07\/ntd08-10-large.jpg\" alt=\"ntd08-10-large\" width=\"970\" height=\"97\" srcset=\"https:\/\/www.ndtesting.cl\/ensayos\/wp-content\/uploads\/2014\/07\/ntd08-10-large.jpg 1000w, https:\/\/www.ndtesting.cl\/ensayos\/wp-content\/uploads\/2014\/07\/ntd08-10-large-300x30.jpg 300w\" sizes=\"(max-width: 970px) 100vw, 970px\" \/><\/a><\/p>\n<p>El ultrasonido B-Scan RF, es conocido como t\u00e9cnica TOF.<\/p>\n<p>El ensayo detecta el perfil de corrosi\u00f3n sobre una l\u00ednea recta, pudi\u00e9ndose de esta forma inspeccionar r\u00e1pidamente longitudes de tuber\u00eda, en cuyo caso ser\u00eda necesario hacer barridos en diferentes posiciones horarias.<\/p>\n<p>La inspecci\u00f3n se puede realizar de forma semi automatizada con un palpador y un encoder, o mecanizada empleando m\u00faltiples palpadores montados en un esc\u00e1ner cada 45 grados en la periferia de la tuber\u00eda.<\/p>\n<p>La t\u00e9cnica permite realizar barridos screening para conocer r\u00e1pidamente el estado de corrosi\u00f3n de tuber\u00edas<\/p>\n<p>&nbsp;<\/p>\n<p><a href=\"http:\/\/ndtesting.cl\/ensayos\/wp-content\/uploads\/2014\/08\/TOFD.jpg\"><img loading=\"lazy\" class=\"alignnone wp-image-252\" src=\"http:\/\/ndtesting.cl\/ensayos\/wp-content\/uploads\/2014\/08\/TOFD.jpg\" alt=\"TOFD\" width=\"970\" height=\"412\" srcset=\"https:\/\/www.ndtesting.cl\/ensayos\/wp-content\/uploads\/2014\/08\/TOFD.jpg 1000w, https:\/\/www.ndtesting.cl\/ensayos\/wp-content\/uploads\/2014\/08\/TOFD-300x127.jpg 300w\" sizes=\"(max-width: 970px) 100vw, 970px\" \/><\/a><\/p>\n","protected":false},"excerpt":{"rendered":"<p>El ultrasonido B-Scan RF, es conocido como t\u00e9cnica TOF. El ensayo detecta el perfil de corrosi\u00f3n sobre una l\u00ednea recta, pudi\u00e9ndose de esta forma inspeccionar r\u00e1pidamente longitudes de tuber\u00eda, en cuyo caso ser\u00eda necesario hacer barridos en diferentes posiciones horarias. La inspecci\u00f3n se puede realizar de forma semi automatizada con un palpador y un encoder, [&hellip;]<\/p>\n","protected":false},"author":1,"featured_media":0,"parent":0,"menu_order":0,"comment_status":"closed","ping_status":"closed","template":"","meta":[],"_links":{"self":[{"href":"https:\/\/www.ndtesting.cl\/ensayos\/wp-json\/wp\/v2\/pages\/251"}],"collection":[{"href":"https:\/\/www.ndtesting.cl\/ensayos\/wp-json\/wp\/v2\/pages"}],"about":[{"href":"https:\/\/www.ndtesting.cl\/ensayos\/wp-json\/wp\/v2\/types\/page"}],"author":[{"embeddable":true,"href":"https:\/\/www.ndtesting.cl\/ensayos\/wp-json\/wp\/v2\/users\/1"}],"replies":[{"embeddable":true,"href":"https:\/\/www.ndtesting.cl\/ensayos\/wp-json\/wp\/v2\/comments?post=251"}],"version-history":[{"count":5,"href":"https:\/\/www.ndtesting.cl\/ensayos\/wp-json\/wp\/v2\/pages\/251\/revisions"}],"predecessor-version":[{"id":254,"href":"https:\/\/www.ndtesting.cl\/ensayos\/wp-json\/wp\/v2\/pages\/251\/revisions\/254"}],"wp:attachment":[{"href":"https:\/\/www.ndtesting.cl\/ensayos\/wp-json\/wp\/v2\/media?parent=251"}],"curies":[{"name":"wp","href":"https:\/\/api.w.org\/{rel}","templated":true}]}}