{"id":504,"date":"2016-08-08T21:22:18","date_gmt":"2016-08-08T21:22:18","guid":{"rendered":"http:\/\/ndtesting.cl\/ensayos\/?page_id=504"},"modified":"2017-02-16T19:13:50","modified_gmt":"2017-02-16T19:13:50","slug":"magnetic-flux-leakage","status":"publish","type":"page","link":"https:\/\/www.ndtesting.cl\/ensayos\/servicios\/magnetic-flux-leakage\/","title":{"rendered":"Fuga de flujo magnetico"},"content":{"rendered":"<p><a href=\"http:\/\/ndtesting.cl\/ensayos\/wp-content\/uploads\/2014\/07\/ntd08-12.jpg\"><img loading=\"lazy\" class=\"alignnone size-full wp-image-104\" src=\"http:\/\/ndtesting.cl\/ensayos\/wp-content\/uploads\/2014\/07\/ntd08-12.jpg\" alt=\"ntd08-12\" width=\"949\" height=\"94\" data-id=\"104\" srcset=\"https:\/\/www.ndtesting.cl\/ensayos\/wp-content\/uploads\/2014\/07\/ntd08-12.jpg 949w, https:\/\/www.ndtesting.cl\/ensayos\/wp-content\/uploads\/2014\/07\/ntd08-12-300x29.jpg 300w\" sizes=\"(max-width: 949px) 100vw, 949px\" \/><\/a><\/p>\n<p>La inspecci\u00f3n por fuga de flujo magnetic (MFL) es un m\u00e9todo de prueba no destructiva (NDT) usado para detectar corrosion por picado y p\u00e9rdida de espesor en tanques de almacenamiento y ca\u00f1er\u00edas, con o sin revestimiento.<\/p>\n<p>Los equipos utilizan poderosos imanes permanentes para magnetizer el acero, luego, en las \u00e1reas donde hay corrosi\u00f3n o p\u00e9rdida de espesor, el campo magn\u00e9tico presentar\u00e1 una \u201cfuga\u201d desde el acero, que a trav\u00e9s de los sensores ubicados entre los polos del Puente magn\u00e9tico, sera detectada.<\/p>\n<p><strong>T\u00e9cnica MFL \/ PISO DE TANQUES<\/strong>:<\/p>\n<p>El principio de funcionamiento de esta t\u00e9cnica consiste en magnetizar temporalmente el componente a ser ensayado, para luego con un detector localizar las distorsiones en el flujo magn\u00e9tico que se producen en zonas corro\u00eddas. Esta t\u00e9cnica es de particular inter\u00e9s para inspeccionar pisos de tanques de almacenamiento, en forma r\u00e1pida y econ\u00f3mica. Es posible detectar zonas con corrosi\u00f3n.<\/p>\n<p>&nbsp;<\/p>\n<p style=\"padding-left: 30px;\"><strong>\u00a0<\/strong><a href=\"http:\/\/ndtesting.cl\/ensayos\/wp-content\/uploads\/2016\/08\/DSCN1661.jpg\"><img loading=\"lazy\" class=\"wp-image-505 alignleft\" src=\"http:\/\/ndtesting.cl\/ensayos\/wp-content\/uploads\/2016\/08\/DSCN1661-300x225.jpg\" width=\"405\" height=\"304\" data-id=\"505\" srcset=\"https:\/\/www.ndtesting.cl\/ensayos\/wp-content\/uploads\/2016\/08\/DSCN1661-300x225.jpg 300w, https:\/\/www.ndtesting.cl\/ensayos\/wp-content\/uploads\/2016\/08\/DSCN1661-1024x768.jpg 1024w\" sizes=\"(max-width: 405px) 100vw, 405px\" \/><\/a><a href=\"http:\/\/ndtesting.cl\/ensayos\/wp-content\/uploads\/2016\/08\/DSCN1445.jpg\"><img loading=\"lazy\" class=\"wp-image-525 alignleft\" src=\"http:\/\/ndtesting.cl\/ensayos\/wp-content\/uploads\/2016\/08\/DSCN1445-225x300.jpg\" width=\"227\" height=\"302\" data-id=\"525\" srcset=\"https:\/\/www.ndtesting.cl\/ensayos\/wp-content\/uploads\/2016\/08\/DSCN1445-225x300.jpg 225w, https:\/\/www.ndtesting.cl\/ensayos\/wp-content\/uploads\/2016\/08\/DSCN1445-768x1024.jpg 768w\" sizes=\"(max-width: 227px) 100vw, 227px\" \/><\/a><\/p>\n<p>&nbsp;<\/p>\n<p>&nbsp;<\/p>\n<p>&nbsp;<\/p>\n<p>&nbsp;<\/p>\n<p>&nbsp;<\/p>\n<p>&nbsp;<\/p>\n<p>&nbsp;<\/p>\n<p>&nbsp;<\/p>\n<p>&nbsp;<\/p>\n<p>&nbsp;<\/p>\n<p>&nbsp;<\/p>\n<p><strong>SCORPION<\/strong><\/p>\n<p>El Scorpion B-Scan es un carruaje de acceso remoto ultras\u00f3nico robusto dise\u00f1ado para permitir a un costo efectivo la imagen A-scan y B-scan de estructuras ferromagn\u00e9ticas elevadas tales como tanques de almacenamiento, sin necesidad de costosos andamios<\/p>\n<p>El Escorpi\u00f3n utiliza un \u00fanico \u201ctransductor seco\u201d rueda transdcutora eliminando la necesidad de utilizar acoplante tradicional. Esto permite que el carruaje pueda hacer recorridos en vertical, horizontal o incluso invertidos, en pleno funcionamiento.<\/p>\n<p style=\"padding-left: 30px; text-align: center;\"><a href=\"http:\/\/ndtesting.cl\/ensayos\/wp-content\/uploads\/2016\/08\/01a3ee3100052f2a105c6c287f3a25cd91404e2721.jpg\"><img loading=\"lazy\" class=\"wp-image-517 alignleft\" src=\"http:\/\/ndtesting.cl\/ensayos\/wp-content\/uploads\/2016\/08\/01a3ee3100052f2a105c6c287f3a25cd91404e2721-225x300.jpg\" alt=\"\" width=\"188\" height=\"251\" data-id=\"517\" srcset=\"https:\/\/www.ndtesting.cl\/ensayos\/wp-content\/uploads\/2016\/08\/01a3ee3100052f2a105c6c287f3a25cd91404e2721-225x300.jpg 225w, https:\/\/www.ndtesting.cl\/ensayos\/wp-content\/uploads\/2016\/08\/01a3ee3100052f2a105c6c287f3a25cd91404e2721-768x1024.jpg 768w, https:\/\/www.ndtesting.cl\/ensayos\/wp-content\/uploads\/2016\/08\/01a3ee3100052f2a105c6c287f3a25cd91404e2721.jpg 960w\" sizes=\"(max-width: 188px) 100vw, 188px\" \/><\/a><a href=\"http:\/\/ndtesting.cl\/ensayos\/wp-content\/uploads\/2016\/08\/0116e49ffb41fd70a08dfa4b244403dbf31b90657c.jpg\"><img loading=\"lazy\" class=\"alignright wp-image-520\" src=\"http:\/\/ndtesting.cl\/ensayos\/wp-content\/uploads\/2016\/08\/0116e49ffb41fd70a08dfa4b244403dbf31b90657c-768x1024.jpg\" width=\"188\" height=\"251\" data-id=\"520\" srcset=\"https:\/\/www.ndtesting.cl\/ensayos\/wp-content\/uploads\/2016\/08\/0116e49ffb41fd70a08dfa4b244403dbf31b90657c-768x1024.jpg 768w, https:\/\/www.ndtesting.cl\/ensayos\/wp-content\/uploads\/2016\/08\/0116e49ffb41fd70a08dfa4b244403dbf31b90657c-225x300.jpg 225w, https:\/\/www.ndtesting.cl\/ensayos\/wp-content\/uploads\/2016\/08\/0116e49ffb41fd70a08dfa4b244403dbf31b90657c.jpg 960w\" sizes=\"(max-width: 188px) 100vw, 188px\" \/><\/a><a href=\"http:\/\/ndtesting.cl\/ensayos\/wp-content\/uploads\/2016\/08\/0189a7fe370d41740118183f2b6368e1da4b161c85-1.jpg\"><img loading=\"lazy\" class=\"alignnone size-medium wp-image-524\" src=\"http:\/\/ndtesting.cl\/ensayos\/wp-content\/uploads\/2016\/08\/0189a7fe370d41740118183f2b6368e1da4b161c85-1-225x300.jpg\" alt=\"\" width=\"225\" height=\"300\" data-id=\"524\" srcset=\"https:\/\/www.ndtesting.cl\/ensayos\/wp-content\/uploads\/2016\/08\/0189a7fe370d41740118183f2b6368e1da4b161c85-1-225x300.jpg 225w, https:\/\/www.ndtesting.cl\/ensayos\/wp-content\/uploads\/2016\/08\/0189a7fe370d41740118183f2b6368e1da4b161c85-1-768x1024.jpg 768w, https:\/\/www.ndtesting.cl\/ensayos\/wp-content\/uploads\/2016\/08\/0189a7fe370d41740118183f2b6368e1da4b161c85-1.jpg 960w\" sizes=\"(max-width: 225px) 100vw, 225px\" \/><\/a><!--more--><\/p>\n<p>&nbsp;<\/p>\n<p>&nbsp;<\/p>\n<p>&nbsp;<\/p>\n<p>&nbsp;<\/p>\n<p>&nbsp;<\/p>\n","protected":false},"excerpt":{"rendered":"<p>La inspecci\u00f3n por fuga de flujo magnetic (MFL) es un m\u00e9todo de prueba no destructiva (NDT) usado para detectar corrosion por picado y p\u00e9rdida de espesor en tanques de almacenamiento y ca\u00f1er\u00edas, con o sin revestimiento. Los equipos utilizan poderosos imanes permanentes para magnetizer el acero, luego, en las \u00e1reas donde hay corrosi\u00f3n o p\u00e9rdida [&hellip;]<\/p>\n","protected":false},"author":1,"featured_media":0,"parent":142,"menu_order":12,"comment_status":"closed","ping_status":"closed","template":"","meta":[],"_links":{"self":[{"href":"https:\/\/www.ndtesting.cl\/ensayos\/wp-json\/wp\/v2\/pages\/504"}],"collection":[{"href":"https:\/\/www.ndtesting.cl\/ensayos\/wp-json\/wp\/v2\/pages"}],"about":[{"href":"https:\/\/www.ndtesting.cl\/ensayos\/wp-json\/wp\/v2\/types\/page"}],"author":[{"embeddable":true,"href":"https:\/\/www.ndtesting.cl\/ensayos\/wp-json\/wp\/v2\/users\/1"}],"replies":[{"embeddable":true,"href":"https:\/\/www.ndtesting.cl\/ensayos\/wp-json\/wp\/v2\/comments?post=504"}],"version-history":[{"count":9,"href":"https:\/\/www.ndtesting.cl\/ensayos\/wp-json\/wp\/v2\/pages\/504\/revisions"}],"predecessor-version":[{"id":528,"href":"https:\/\/www.ndtesting.cl\/ensayos\/wp-json\/wp\/v2\/pages\/504\/revisions\/528"}],"up":[{"embeddable":true,"href":"https:\/\/www.ndtesting.cl\/ensayos\/wp-json\/wp\/v2\/pages\/142"}],"wp:attachment":[{"href":"https:\/\/www.ndtesting.cl\/ensayos\/wp-json\/wp\/v2\/media?parent=504"}],"curies":[{"name":"wp","href":"https:\/\/api.w.org\/{rel}","templated":true}]}}